{"id":5932,"date":"2023-07-13T16:45:07","date_gmt":"2023-07-13T16:45:07","guid":{"rendered":"https:\/\/www.muchoruidoacademy.com\/web\/?page_id=5932"},"modified":"2025-12-26T03:35:15","modified_gmt":"2025-12-26T03:35:15","slug":"dj-profesional-2","status":"publish","type":"page","link":"https:\/\/www.muchoruidoacademy.com\/web\/en\/dj-profesional-2\/","title":{"rendered":"Professional Dj"},"content":{"rendered":"\t\t<div data-elementor-type=\"wp-page\" data-elementor-id=\"5932\" class=\"elementor elementor-5932\" data-elementor-post-type=\"page\">\n\t\t\t\t\t\t<section class=\"elementor-section elementor-top-section elementor-element elementor-element-4f077ac elementor-section-full_width qodef-elementor-content-grid elementor-section-height-default elementor-section-height-default\" data-id=\"4f077ac\" data-element_type=\"section\" data-e-type=\"section\">\n\t\t\t\t\t\t<div class=\"elementor-container elementor-column-gap-default\">\n\t\t\t\t\t<div class=\"elementor-column elementor-col-100 elementor-top-column elementor-element elementor-element-a3d0fcb\" data-id=\"a3d0fcb\" data-element_type=\"column\" data-e-type=\"column\">\n\t\t\t<div class=\"elementor-widget-wrap elementor-element-populated\">\n\t\t\t\t\t\t<div class=\"elementor-element elementor-element-b9e0d4a elementor-widget elementor-widget-rawtracks_core_section_title\" data-id=\"b9e0d4a\" data-element_type=\"widget\" data-e-type=\"widget\" data-widget_type=\"rawtracks_core_section_title.default\">\n\t\t\t\t<div class=\"elementor-widget-container\">\n\t\t\t\t\t<div class=\"qodef-shortcode qodef-m  qodef-section-title qodef-alignment--left  \">\n\t\t<span class=\"qodef-m-title\" style=\"color: #000000\">\n\t\tMUCHO RUIDO<br \/> ACADEMY\t\t<\/span>\n\t\t<p class=\"qodef-m-tagline\" style=\"color: #000000\">Invites you to train as an Integral and Professional DJ<\/p>\n\t\t\t<div class=\"qodef-m-button\">\n\t\t\t\t\t<a class=\"qodef-shortcode qodef-m  qodef-button qodef-layout--filled-rounded-small  qodef-html--link\" href=\"\" target=\"_self\"  >\t<span class=\"qodef-m-icon\"><svg class=\"qodef-svg--banner-arrow\" xmlns=\"http:\/\/www.w3.org\/2000\/svg\"     xmlns:xlink=\"http:\/\/www.w3.org\/1999\/xlink\" x=\"0px\" y=\"0px\" width=\"19\" height=\"19\"     viewBox=\"0 0 19 19\" style=\"enable-background:new 0 0 19 19;\" xml:space=\"preserve\"><line x1=\"1\" y1=\"18\" x2=\"17.8\" y2=\"1.2\"\/><line x1=\"1.2\" y1=\"1\" x2=\"18\" y2=\"1\"\/><line x1=\"18\" y1=\"17.8\" x2=\"18\" y2=\"1\"\/><\/svg><\/span><\/a>\t\t\t<\/div>\n<\/div>\n\t\t\t\t<\/div>\n\t\t\t\t<\/div>\n\t\t\t\t<div class=\"elementor-element elementor-element-432542b elementor-widget elementor-widget-text-editor\" data-id=\"432542b\" data-element_type=\"widget\" data-e-type=\"widget\" data-widget_type=\"text-editor.default\">\n\t\t\t\t<div class=\"elementor-widget-container\">\n\t\t\t\t\t\t\t\t\t<p><strong>Mucho Ruido Academy<\/strong>\u00a0invites you to train as a Professional DJ, whatever your musical taste or trend: House, Techno, Electro, Dubstep, Progressive, Minimal, Deep-House, EDM, Hip Hop, Latino \u2026 There is room for everyone!<\/p><p>In Mucho Ruido Academy you will be in the hands of true professionals with experience in the DJing world, with the help of DJ-Producer JJ-Jefferson with more than 20 years of experience.<\/p><p>This is your time to set the tone by mixing the genre and musical style of your choice and becoming a cutting-edge DJ.<\/p><div class=\"wrap-page\"><section class=\"wpb-content-wrapper\"><section class=\"content\"><div class=\"container\"><div class=\"vc_row wpb_row vc_row-fluid\"><div class=\"wpb_column vc_column_container vc_col-sm-12\"><div class=\"vc_column-inner\"><div class=\"wpb_wrapper\"><div class=\"wpb_text_column wpb_content_element \"><div class=\"wpb_wrapper\"><p><strong>Learn in a short time:<\/strong><\/p><p>\u25cf How do current tools used by DJs work?<\/p><p>\u25cf What are the methods used to mix: technique and precision?<\/p><p>\u25cf What are the cutting-edge software?<\/p><p>\u25cf What are the fundamentals to organize a session?<\/p><p>\u25cf How to develop and face the public in your touches?<\/p><p>\u25cf What are the promotional keys to guarantee professional success?<\/p><p>The course is completely personalized so that each student can learn regardless of the musical genre of their choice.<\/p><p>At the end of the course you will receive our (DJ) certificate for your participation in the course.<\/p><p>We give you all the tools and we will teach you how to use them to be a Professional DJ. You just have to feel like it and your talent!<\/p><p><strong>II. SUBJECTS<\/strong>:<\/p><p>\u25cf\u00a0<strong>DJ:<\/strong><\/p><p>\u25cb DJ history and current environment<\/p><p>\u25cb Genres of electronic music and others<\/p><p>\u25cb DJ types: Mobile, Resident vs. Guest, Radio, etc.<\/p><p>\u25cf\u00a0<strong>DJ BOOTH:<\/strong><\/p><p>\u25cb Equipment: Mixer, Vinyl dishes<\/p><p>\u25cb CDJ, controller, monitors and headphones<\/p><p>\u25cb Internal connections<\/p><p>\u25cb Calibrating the plates and needles<\/p><p>\u25cf\u00a0<strong>BASIC SOUND CONCEPTS APPLIED TO DJING:<\/strong><\/p><p>\u25cb Intensity, tone, bell | Analog and digital<\/p><p>\u25cf<strong>\u00a0MUSICAL STRUCTURING:<\/strong><\/p><p>\u25cb Measures \u25cb Structures, phrases, Drop<\/p><p>\u25cb BPM \u25cb Rhythms<\/p><p><strong>\u25cf BEAT MATCHING:<\/strong><\/p><p>\u25cb How to square times<\/p><p>\u25cb Cue points in CDJ and first beat<\/p><p>\u25cb Traktor Scratch Pro<\/p><p>\u25cb Serato<\/p><p>\u25cb Rekordbox<\/p><p>\u25cb Creative and harmonic mix<\/p><p><strong>\u25cf EQUALIZATION:<\/strong><\/p><p>\u25cb Equalization applied to DJing<\/p><p>\u25cb Filters<\/p><p>\u25cb Effects and creative use for your sets.<\/p><p><strong>\u25cf MUSICAL LIBRARY:<\/strong><\/p><p>\u25cb Development of a session: Warm up and peak hours<\/p><p>\u25cb Importance of telling a story<\/p><p>\u25cb Psychology of the DJ and the dance floor<\/p><p>\u25cf\u00a0<strong>DJ ENVIRONMENT:<\/strong><\/p><p>\u25cb Music Industry<\/p><p>\u25cb Electronic scene and the other types of scene.<\/p><p>\u25cb Social networks and Promotion (Demos \/ Podcast \/ Streaming)<\/p><p>\u25cb Define your style<\/p><p>\u25cb How to make your music Playlist for your set\u2019s<\/p><p>Effects and creative use for your sets.<\/p><p>\u25cf\u00a0<strong>MUSICAL LIBRARY:<\/strong><\/p><p>\u25cb Development of a session: Warm up and peak hours<\/p><p>\u25cb Importance of telling a story<\/p><p>\u25cb Psychology of the DJ and the dance floor<\/p><p>\u25cf\u00a0<strong>DJ ENVIRONMENT:<\/strong><\/p><p>\u25cb Music Industry<\/p><p>\u25cb Electronic scene and the other types of scene.<\/p><p>\u25cb Social networks and Promotion (Demos \/ Podcast \/ Streaming) \u25cb Define your style \u25cb How to make your music Playlist for your set\u2019s<\/p><p><strong>COURSE DURATION:<\/strong><\/p><p>The course consists of 6 theoretical \u2013 practical levels that will develop your skills to be a professional DJ. Classes will last 2 hours, once or twice a week, to facilitate learning.<\/p><p>La duraci\u00f3n del curso es de horas presenciales, en su mayor\u00eda pr\u00e1cticas, atendidas por un instructores de gran experiencia en el campo del Djing y la docencia.<\/p><p><strong>V. SCHEDULE:<\/strong><\/p><p>For the convenience of our students, classes will be held from Monday to Saturday at the following times:<\/p><p>\u25cf AM Group: 10:00 a.m. \u2013 12:00 pm.<\/p><p>\u25cf Group PM1: 1:00 p.m. \u2013 3:00 pm.<\/p><p>\u25cf Group PM2: 4:00 p.m. \u2013 6:00 pm.<\/p><p>\u25cf Saturdays: 2:00 p.m. \u2013 4:00 p.m.<\/p><p><strong>VI. REQUIREMENTS:<\/strong><\/p><p>\u25cf Age: be over 18 years old<\/p><p>\u25cf Materials: Mucho Ruido Academy facilities have all the necessary material for the completion of the different courses we offer. The student has to carry his USB-Pendrive, or laptop with the software he will use and his headphones.<\/p><p><strong>VII. REGISTRATION PROCESS<\/strong>:<\/p><p>1. Fill out the Registration Form that appears on the website.<\/p><p>2. You will receive a call from our team shortly to make an appointment prior to the start of classes.<\/p><div class=\"google-auto-placed ap_container\"><div id=\"aswift_3_host\">3. In the appointment we will show you our facilities, the pemsun of classes and we will clarify all the doubts that you have<\/div><div><a href=\"https:\/\/www.muchoruidoacademy.com\/web\/privacy-policy-2\/\">Privacy Policy<\/a><\/div><\/div><\/div><\/div><\/div><\/div><\/div><\/div><\/div><\/section><\/section><\/div>\t\t\t\t\t\t\t\t<\/div>\n\t\t\t\t<\/div>\n\t\t\t\t\t<\/div>\n\t\t<\/div>\n\t\t\t\t\t<\/div>\n\t\t<\/section>\n\t\t<div class=\"elementor-element elementor-element-d7921a7 e-flex e-con-boxed qodef-elementor-content-no e-con e-parent\" data-id=\"d7921a7\" data-element_type=\"container\" data-e-type=\"container\">\n\t\t\t\t\t<div class=\"e-con-inner\">\n\t\t\t\t<div class=\"elementor-element elementor-element-cb09a36 elementor-widget elementor-widget-qi_addons_for_elementor_call_to_action\" data-id=\"cb09a36\" data-element_type=\"widget\" data-e-type=\"widget\" data-widget_type=\"qi_addons_for_elementor_call_to_action.default\">\n\t\t\t\t<div class=\"elementor-widget-container\">\n\t\t\t\t\t<div class=\"qodef-shortcode qodef-m qodef-qi-call-to-action qodef-layout--standard\">\n\t<div class=\"qodef-m-inner\">\n\t\t<div class=\"qodef-m-content\">\n\t\t\t<h3 class=\"qodef-m-title\">\n\t\t\tTrain yourself as an Integral and Professional DJ\t\t<\/h3>\n\t\t\t\t<div class=\"qodef-m-text\">\n\t\t\tAt the end of the course you will receive a digital DJ certificate for your participation.\t\t<\/div>\n\t<\/div>\n\t\t\t<div class=\"qodef-m-button\">\n\t\t<a class=\"qodef-shortcode qodef-m qodef-qi-button qodef-html--link qodef-layout--filled qodef-type--standard qodef-size--large qodef-icon--right qodef-hover--icon-move-horizontal-short\" href=\"https:\/\/www.muchoruidoacademy.com\/web\/en\/inscription\/\" target=\"_self\">\t<span class=\"qodef-m-text\">Professional DJ REGISTRATION<\/span>\t<\/a>\t<\/div>\n\t\t\t<\/div>\n<\/div>\n\t\t\t\t<\/div>\n\t\t\t\t<\/div>\n\t\t\t\t\t<\/div>\n\t\t\t\t<\/div>\n\t\t\t\t<\/div>\n\t\t","protected":false},"excerpt":{"rendered":"<p>MUCHO RUIDO ACADEMY Invites you to train as an Integral and Professional DJ Mucho Ruido Academy\u00a0invites you to train as a Professional DJ, whatever your musical taste or trend: House, Techno, Electro, Dubstep, Progressive, Minimal, Deep-House, EDM, Hip Hop, Latino \u2026 There is room for everyone! In Mucho Ruido Academy you will be in the [&hellip;]<\/p>\n","protected":false},"author":1,"featured_media":0,"parent":0,"menu_order":0,"comment_status":"closed","ping_status":"closed","template":"page-full-width.php","meta":{"footnotes":""},"class_list":["post-5932","page","type-page","status-publish","hentry"],"_links":{"self":[{"href":"https:\/\/www.muchoruidoacademy.com\/web\/wp-json\/wp\/v2\/pages\/5932","targetHints":{"allow":["GET"]}}],"collection":[{"href":"https:\/\/www.muchoruidoacademy.com\/web\/wp-json\/wp\/v2\/pages"}],"about":[{"href":"https:\/\/www.muchoruidoacademy.com\/web\/wp-json\/wp\/v2\/types\/page"}],"author":[{"embeddable":true,"href":"https:\/\/www.muchoruidoacademy.com\/web\/wp-json\/wp\/v2\/users\/1"}],"replies":[{"embeddable":true,"href":"https:\/\/www.muchoruidoacademy.com\/web\/wp-json\/wp\/v2\/comments?post=5932"}],"version-history":[{"count":3,"href":"https:\/\/www.muchoruidoacademy.com\/web\/wp-json\/wp\/v2\/pages\/5932\/revisions"}],"predecessor-version":[{"id":7023,"href":"https:\/\/www.muchoruidoacademy.com\/web\/wp-json\/wp\/v2\/pages\/5932\/revisions\/7023"}],"wp:attachment":[{"href":"https:\/\/www.muchoruidoacademy.com\/web\/wp-json\/wp\/v2\/media?parent=5932"}],"curies":[{"name":"wp","href":"https:\/\/api.w.org\/{rel}","templated":true}]}}