{"id":5705,"date":"2023-05-26T02:32:43","date_gmt":"2023-05-26T02:32:43","guid":{"rendered":"https:\/\/www.muchoruidoacademy.com\/web\/?page_id=5705"},"modified":"2024-12-18T00:40:53","modified_gmt":"2024-12-18T00:40:53","slug":"estudios","status":"publish","type":"page","link":"https:\/\/www.muchoruidoacademy.com\/web\/estudios\/","title":{"rendered":"Estudios"},"content":{"rendered":"\t\t<div data-elementor-type=\"wp-page\" data-elementor-id=\"5705\" class=\"elementor elementor-5705\" data-elementor-post-type=\"page\">\n\t\t\t\t\t\t<section class=\"elementor-section elementor-top-section elementor-element elementor-element-3b8e164 elementor-section-full_width qodef-elementor-content-grid elementor-section-height-default elementor-section-height-default\" data-id=\"3b8e164\" data-element_type=\"section\" data-e-type=\"section\">\n\t\t\t\t\t\t<div class=\"elementor-container elementor-column-gap-default\">\n\t\t\t\t\t<div class=\"elementor-column elementor-col-100 elementor-top-column elementor-element elementor-element-17e427f\" data-id=\"17e427f\" data-element_type=\"column\" data-e-type=\"column\">\n\t\t\t<div class=\"elementor-widget-wrap elementor-element-populated\">\n\t\t\t\t\t\t<div class=\"elementor-element elementor-element-3ee1f93 elementor-widget elementor-widget-rawtracks_core_section_title\" data-id=\"3ee1f93\" data-element_type=\"widget\" data-e-type=\"widget\" data-widget_type=\"rawtracks_core_section_title.default\">\n\t\t\t\t<div class=\"elementor-widget-container\">\n\t\t\t\t\t<div class=\"qodef-shortcode qodef-m  qodef-section-title qodef-alignment--left  \">\n\t\t<span class=\"qodef-m-title\" style=\"color: #000000\">\n\t\tMUCHO RUIDO<br \/> ACADEMY\t\t<\/span>\n\t\t<p class=\"qodef-m-tagline\" style=\"color: #000000\">Es un estudio de grabaci\u00f3n profesional ubicado en Doral Miami, que ofrece lo mejor de las herramientas digitales anal\u00f3gicas y modernas.La m\u00fasica es nuestra pasi\u00f3n, y nos enfocamos en hacer un gran sonido en un ambiente \u00edntimo.<\/p>\n\t\t\t<div class=\"qodef-m-button\">\n\t\t\t\t\t<a class=\"qodef-shortcode qodef-m  qodef-button qodef-layout--filled-rounded-small  qodef-html--link\" href=\"\" target=\"_self\"  >\t<span class=\"qodef-m-icon\"><svg class=\"qodef-svg--banner-arrow\" xmlns=\"http:\/\/www.w3.org\/2000\/svg\"     xmlns:xlink=\"http:\/\/www.w3.org\/1999\/xlink\" x=\"0px\" y=\"0px\" width=\"19\" height=\"19\"     viewBox=\"0 0 19 19\" style=\"enable-background:new 0 0 19 19;\" xml:space=\"preserve\"><line x1=\"1\" y1=\"18\" x2=\"17.8\" y2=\"1.2\"\/><line x1=\"1.2\" y1=\"1\" x2=\"18\" y2=\"1\"\/><line x1=\"18\" y1=\"17.8\" x2=\"18\" y2=\"1\"\/><\/svg><\/span><\/a>\t\t\t<\/div>\n<\/div>\n\t\t\t\t<\/div>\n\t\t\t\t<\/div>\n\t\t\t\t<div class=\"elementor-element elementor-element-ba9e05a elementor-widget elementor-widget-text-editor\" data-id=\"ba9e05a\" data-element_type=\"widget\" data-e-type=\"widget\" data-widget_type=\"text-editor.default\">\n\t\t\t\t<div class=\"elementor-widget-container\">\n\t\t\t\t\t\t\t\t\t<p><strong>En nuestra sala de DJ Academy, los estudiante tienen su propia estaci\u00f3n de DJ, que incluye:<\/strong><\/p><ul><li>-2 Pioneer CDJ 3000<\/li><li>-2 Pioneer CDJ 2000 NXS2<\/li><li>-2 Pioneer CDJ-900<\/li><li>-1 Pioneer DJM-900 NXS2.<\/li><li>-1 Pioneer DJM-900 NX.<\/li><li>-1 Pioneer Controlador DDJ-SZ,<\/li><li>-1 Traktor Control S8<\/li><li>-1 Traktor Kontrol X1<\/li><li>-1 Traktor Kontrol F1<\/li><li>-2 Technics SL 1200MK5<\/li><li>-1 Mixer Allen &amp; Heath XONE 96<\/li><li>-4 Monitores Pioneer Dj<\/li><\/ul><p><strong>En nuestra sala de produccion los estudiantes tienen una estacion que incluye:<\/strong><\/p><ul><li>-2 Monitores Dynaudio Acoustics<\/li><li>-2 Monitores ADAM 7X<\/li><li>-1 Native Instruments Maschine Studio<\/li><li>-1 Roland JV-2080 M\u00f3dulo<\/li><li>-1 Roland JP-8000 Synthesizers<\/li><li>-1 Roland MC-505 Groovebox<\/li><li>-1 E-Mu Proteus 2000 Modulo<\/li><li>-1 E-Mu Xtreme Lead Modulo<\/li><li>-1 Electrix EQ Killer<\/li><li>-1 Electrix Filter Queen<\/li><li>-1 Interface de audio Universal Audio Apollo\/Twin<\/li><li>-1 Controlador MIDI M-Audio \u2013 Axion 49<\/li><\/ul>\t\t\t\t\t\t\t\t<\/div>\n\t\t\t\t<\/div>\n\t\t\t\t\t<\/div>\n\t\t<\/div>\n\t\t\t\t\t<\/div>\n\t\t<\/section>\n\t\t\t\t<\/div>\n\t\t","protected":false},"excerpt":{"rendered":"<p>MUCHO RUIDO ACADEMY Es un estudio de grabaci\u00f3n profesional ubicado en Doral Miami, que ofrece lo mejor de las herramientas digitales anal\u00f3gicas y modernas.La m\u00fasica es nuestra pasi\u00f3n, y nos enfocamos en hacer un gran sonido en un ambiente \u00edntimo. En nuestra sala de DJ Academy, los estudiante tienen su propia estaci\u00f3n de DJ, que [&hellip;]<\/p>\n","protected":false},"author":1,"featured_media":0,"parent":0,"menu_order":0,"comment_status":"closed","ping_status":"closed","template":"page-full-width.php","meta":{"footnotes":""},"class_list":["post-5705","page","type-page","status-publish","hentry"],"_links":{"self":[{"href":"https:\/\/www.muchoruidoacademy.com\/web\/wp-json\/wp\/v2\/pages\/5705","targetHints":{"allow":["GET"]}}],"collection":[{"href":"https:\/\/www.muchoruidoacademy.com\/web\/wp-json\/wp\/v2\/pages"}],"about":[{"href":"https:\/\/www.muchoruidoacademy.com\/web\/wp-json\/wp\/v2\/types\/page"}],"author":[{"embeddable":true,"href":"https:\/\/www.muchoruidoacademy.com\/web\/wp-json\/wp\/v2\/users\/1"}],"replies":[{"embeddable":true,"href":"https:\/\/www.muchoruidoacademy.com\/web\/wp-json\/wp\/v2\/comments?post=5705"}],"version-history":[{"count":3,"href":"https:\/\/www.muchoruidoacademy.com\/web\/wp-json\/wp\/v2\/pages\/5705\/revisions"}],"predecessor-version":[{"id":6498,"href":"https:\/\/www.muchoruidoacademy.com\/web\/wp-json\/wp\/v2\/pages\/5705\/revisions\/6498"}],"wp:attachment":[{"href":"https:\/\/www.muchoruidoacademy.com\/web\/wp-json\/wp\/v2\/media?parent=5705"}],"curies":[{"name":"wp","href":"https:\/\/api.w.org\/{rel}","templated":true}]}}