{"id":5556,"date":"2023-05-25T18:37:23","date_gmt":"2023-05-25T18:37:23","guid":{"rendered":"https:\/\/www.muchoruidoacademy.com\/web\/?page_id=5556"},"modified":"2023-08-23T23:30:33","modified_gmt":"2023-08-23T23:30:33","slug":"inscripcion","status":"publish","type":"page","link":"https:\/\/www.muchoruidoacademy.com\/web\/inscripcion\/","title":{"rendered":"Inscripci\u00f3n"},"content":{"rendered":"\t\t<div data-elementor-type=\"wp-page\" data-elementor-id=\"5556\" class=\"elementor elementor-5556\" data-elementor-post-type=\"page\">\n\t\t\t\t<div class=\"elementor-element elementor-element-c65715e e-flex e-con-boxed qodef-elementor-content-no e-con e-parent\" data-id=\"c65715e\" data-element_type=\"container\" data-e-type=\"container\">\n\t\t\t\t\t<div class=\"e-con-inner\">\n\t\t\t\t<div class=\"elementor-element elementor-element-816f08f elementor-widget elementor-widget-shortcode\" data-id=\"816f08f\" data-element_type=\"widget\" data-e-type=\"widget\" data-widget_type=\"shortcode.default\">\n\t\t\t\t<div class=\"elementor-widget-container\">\n\t\t\t\t\t\t\t<div class=\"elementor-shortcode\"><!-- the .wpec-product-item-wrapper class is needed for the JS code to find the .wpec-price-container within it -->\n<div class=\"wpec-product-default-template wpec-product-item-wrapper wpec-product-item-6201\">\n\t\n\t<div class=\"wpec-price-container wpec-price-3cc20ef5ed\" style=\"display:none\">\n\t\t<span class=\"wpec-price-amount\">$ 0,00<\/span> <span class=\"wpec-new-price-amount\"><\/span> <span class=\"wpec-quantity\" style=\"display:none;\">x <span class=\"wpec-quantity-val\">1<\/span><\/span>\t<\/div>\n\t<div class=\"wpec-product-buy-button\">\n\t\t\n<!--Modal-->\n<div id=\"wpec-modal-wp_express_checkout_0\" class=\"wpec-modal wpec-opacity-0 wpec-pointer-events-none wpec-modal-product-6201\">\n\n\t<div class=\"wpec-modal-overlay\"><\/div>\n\n\t<div class=\"wpec-modal-container\">\n\t\t<div class=\"wpec-modal-content\">\n\t\t\t<!--Title-->\n\t\t\t<div class=\"wpec-modal-content-title\">\n\t\t\t\t<p>MuchoRuidoAcademy<\/p>\n\t\t\t\t<div class=\"wpec-modal-close\">\n\t\t\t\t\t<svg xmlns=\"http:\/\/www.w3.org\/2000\/svg\" width=\"18\" height=\"18\" viewBox=\"0 0 18 18\">\n\t\t\t\t\t\t<path d=\"M14.53 4.53l-1.06-1.06L9 7.94 4.53 3.47 3.47 4.53 7.94 9l-4.47 4.47 1.06 1.06L9 10.06l4.47 4.47 1.06-1.06L10.06 9z\"><\/path>\n\t\t\t\t\t<\/svg>\n\t\t\t\t<\/div>\n\t\t\t<\/div>\n\t\t\t\t\t\t\t<div class=\"wpec-modal-item-info-wrap\">\n\t\t\t\t\t<div class=\"wpec-modal-item-thumbnail\">\n\t\t\t\t\t\t<img decoding=\"async\" width=\"150\" height=\"150\" src=\"https:\/\/www.muchoruidoacademy.com\/web\/wp-content\/uploads\/2023\/05\/cropped-muchoruidoacademy-3.png\" class=\"attachment-thumbnail size-thumbnail wp-post-image\" alt=\"\">\n\t\t\t\t\t<\/div>\n\t\t\t\t\t<div class=\"wpec-modal-item-excerpt\">\n\t\t\t\t\t\tSelecciona el Curso para agregar la Reserva\t\t\t\t\t<\/div>\n\t\t\t\t<\/div>\n\t\t\t\t\t\t\n<div style=\"position: relative;\" class=\"wp-ppec-shortcode-container wpec-shortcode-container-product-6201\" data-ppec-button-id=\"wp_express_checkout_0\" data-price-class=\"wpec-price-3cc20ef5ed\">\n\n\t<div class=\"wp-ppec-overlay\" data-ppec-button-id=\"wp_express_checkout_0\">\n\t\t<div class=\"wp-ppec-spinner\">\n\t\t\t<div><\/div>\n\t\t\t<div><\/div>\n\t\t\t<div><\/div>\n\t\t\t<div><\/div>\n\t\t<\/div>\n\t<\/div>\n\n\t\n\t\n\t<div class=\"wpec_product_custom_field_input_container\" data-ppec-button-id=\"wp_express_checkout_0\"><label class=\"wpec_product_custom_field_label wpec_product_custom_field_label_0\">Nombre<\/label><input class=\"wpec_product_custom_field_input wpec_product_custom_field_input_text wpec_product_custom_input_0\" type=\"text\" placeholder=\"Nombre y Apellidos\" name=\"wpecCustomFields[0]\" data-wpec-id=\"0\" data-wpec-custom-mandatory=\"1\" required><span class=\"wp-ppec-form-error-msg\"><\/span><\/div><div class=\"wpec_product_custom_field_input_container\" data-ppec-button-id=\"wp_express_checkout_0\"><label class=\"wpec_product_custom_field_label wpec_product_custom_field_label_4\">Sexo<\/label><select class=\"wpec_product_custom_field_input wpec_product_custom_field_input_dropdown wpec_product_custom_input_4\" placeholder=\"\" name=\"wpecCustomFields[4]\" data-wpec-id=\"4\" data-wpec-custom-mandatory=\"1\" required><option value=\"0\">Masculino<\/option><option value=\"1\">Femenino<\/option><\/select><span class=\"wp-ppec-form-error-msg\"><\/span><\/div><div class=\"wpec_product_custom_field_input_container\" data-ppec-button-id=\"wp_express_checkout_0\"><label class=\"wpec_product_custom_field_label wpec_product_custom_field_label_5\">WhatsApp<\/label><input class=\"wpec_product_custom_field_input wpec_product_custom_field_input_text wpec_product_custom_input_5\" type=\"text\" placeholder=\"\" name=\"wpecCustomFields[5]\" data-wpec-id=\"5\" data-wpec-custom-mandatory=\"1\" required><span class=\"wp-ppec-form-error-msg\"><\/span><\/div><div class=\"wpec_product_custom_field_input_container\" data-ppec-button-id=\"wp_express_checkout_0\"><label class=\"wpec_product_custom_field_label wpec_product_custom_field_label_6\">Email<\/label><input class=\"wpec_product_custom_field_input wpec_product_custom_field_input_text wpec_product_custom_input_6\" type=\"text\" placeholder=\"\" name=\"wpecCustomFields[6]\" data-wpec-id=\"6\" data-wpec-custom-mandatory=\"1\" required><span class=\"wp-ppec-form-error-msg\"><\/span><\/div><div class=\"wpec_product_custom_field_input_container\" data-ppec-button-id=\"wp_express_checkout_0\"><label class=\"wpec_product_custom_field_label wpec_product_custom_field_label_7\">Pais de Origen<\/label><input class=\"wpec_product_custom_field_input wpec_product_custom_field_input_text wpec_product_custom_input_7\" type=\"text\" placeholder=\"\" name=\"wpecCustomFields[7]\" data-wpec-id=\"7\" data-wpec-custom-mandatory=\"1\" required><span class=\"wp-ppec-form-error-msg\"><\/span><\/div><div class=\"wpec_product_custom_field_input_container\" data-ppec-button-id=\"wp_express_checkout_0\"><label class=\"wpec_product_custom_field_label wpec_product_custom_field_label_10\">Por que quieres ser parte de Mucho Ruido Academy?<\/label><input class=\"wpec_product_custom_field_input wpec_product_custom_field_input_text wpec_product_custom_input_10\" type=\"text\" placeholder=\"\" name=\"wpecCustomFields[10]\" data-wpec-id=\"10\"><span class=\"wp-ppec-form-error-msg\"><\/span><\/div>\n\t\t\t<div class=\"wpec-product-variations-wrapper\">\n\t\t\t\t\t<div class=\"wpec-product-variations-cont\">\n\t\t\t\t<label class=\"wpec-product-variations-label\">Cursos<\/label>\n\t\t\t\t\t\t\t\t\t<select class=\"wpec-product-variations-select\" data-wpec-variations-group-id=\"0\" name=\"wpecVariations[wp_express_checkout_0][0][]\">\n\t\t\t\t\t\t\t\t\t\t\t<option value=\"0\">Seleccione <\/option>\n\t\t\t\t\t\t\t\t\t\t\t\t<option value=\"1\">Ableton Live Reserva ( + $ 100,00)<\/option>\n\t\t\t\t\t\t\t\t\t\t\t\t<option value=\"2\">Audio Reserva ( + $ 100,00)<\/option>\n\t\t\t\t\t\t\t\t\t\t\t\t<option value=\"3\">Dj \/ Producer Reserva ( + $ 100,00)<\/option>\n\t\t\t\t\t\t\t\t\t\t\t\t<option value=\"4\">Dj Profesional Reserva ( + $ 100,00)<\/option>\n\t\t\t\t\t\t\t\t\t\t\t\t<option value=\"5\">Logic Pro X Reserva ( + $ 100,00)<\/option>\n\t\t\t\t\t\t\t\t\t\t\t<\/select>\n\t\t\t\t\t\t\t\t<\/div>\n\t\t\t\t\t<\/div>\n\t\t\n\t\t\t<div id=\"wpec_billing_wp_express_checkout_0\" class=\"wpec_billing_container\" style=\"display: none;\">\n\n\t\t<div class=\"wpec_billing_user_info\">\n\t\t\t<div class=\"wpec_billing_first_name\">\n\t\t\t\t<label class=\"wpec_billing_first_name_label\">Nombre<\/label>\n\t\t\t\t<input id=\"wpec_billing_first_name-wp_express_checkout_0\" class=\"wpec_billing_first_name_field_input wpec_required\" type=\"text\" name=\"wpec_billing_first_name\"\/>\n\t\t\t\t<div class=\"wp-ppec-form-error-msg\"><\/div>\n\t\t\t<\/div>\n\n\t\t\t<div class=\"wpec_billing_last_name\">\n\t\t\t\t<label class=\"wpec_billing_last_name_label\">Apellido<\/label>\n\t\t\t\t<input id=\"wpec_billing_last_name-wp_express_checkout_0\" class=\"wpec_billing_last_name_field_input wpec_required\" type=\"text\" name=\"wpec_billing_last_name\"\/>\n\t\t\t\t<div class=\"wp-ppec-form-error-msg\"><\/div>\n\t\t\t<\/div>\n\n\t\t\t<div class=\"wpec_billing_email\">\n\t\t\t\t<label class=\"wpec_billing_email_label\">Correo eletr\u00f3nico<\/label>\n\t\t\t\t<input id=\"wpec_billing_email-wp_express_checkout_0\" class=\"wpec_billing_email_field_input wpec_required\" type=\"email\" name=\"wpec_billing_email\"\/>\n\t\t\t\t<div class=\"wp-ppec-form-error-msg\"><\/div>\n\t\t\t<\/div>\n\t\t<\/div>\n\t\t\t<\/div><!-- end of billing info fields container -->\n\n\t<div class=\"wp-ppec-button-container\">\n\n\t\t\n\t\t\n\t\t\t\t\t<div class=\"wpec-price-container wpec-price-3cc20ef5ed\">\n\t\t\t\t<span class=\"wpec-price-amount\">$ 0,00<\/span> <span class=\"wpec-new-price-amount\"><\/span> <span class=\"wpec-quantity\" style=\"display:none;\">x <span class=\"wpec-quantity-val\">1<\/span><\/span>\t\t\t<\/div>\n\t\t\n\t\t<div id=\"place-order-wp_express_checkout_0\" style=\"display:none;\">\n\t\t\t\t\t\t<button class=\"wpec-place-order-btn\">\t\t\t\t\n\t\t\t\t<svg xmlns=\"http:\/\/www.w3.org\/2000\/svg\" fill=\"none\" viewBox=\"0 0 24 24\">\n\t\t\t\t\t\t<circle class=\"opacity-25\" cx=\"12\" cy=\"12\" r=\"10\" stroke=\"currentColor\" stroke-width=\"4\"><\/circle>\n\t\t\t\t\t\t<path class=\"opacity-75\" fill=\"currentColor\" d=\"M4 12a8 8 0 018-8V0C5.373 0 0 5.373 0 12h4zm2 5.291A7.962 7.962 0 014 12H0c0 3.042 1.135 5.824 3 7.938l3-2.647z\"><\/path>\n\t\t\t\t<\/svg>\n\t\t\t\tRealizar el pedido\t\t\t<\/button>\n\t\t<\/div>\n\n        <!-- TODO: Test container -->\n        <div id=\"wp_express_checkout_0\" class=\"wpec-payment-buttons-container\">\n                        <div id=\"paypal_button_0\" style=\"max-width:; margin-bottom: 12px\"><\/div>\n            \n            \n                    <\/div>\n        <div class=\"wpec-button-placeholder\" style=\"display: none; border: 1px solid #E7E9EB; padding:1rem;\">\n            <i>Aqu\u00ed es donde se mostrar\u00e1 el bot\u00f3n de Express Checkout. M\u00edralo en la portada para ver c\u00f3mo lo ver\u00e1n tus visitantes<\/i>\n        <\/div>\n\t<\/div>\n\n<\/div>\n\t\t<\/div>\n\t<\/div>\n<\/div>\n\n<button data-wpec-modal=\"wpec-modal-wp_express_checkout_0\" class=\"wpec-modal-open wpec-modal-open-product-6201\">\n\tInscripci\u00f3n + Reserva<\/button>\n        <script type=\"text\/javascript\">\n            document.addEventListener( \"DOMContentLoaded\", function() {\n                window['wp_express_checkout_0'] = new ppecHandler({\"id\":\"wp_express_checkout_0\",\"nonce\":\"2516cb8492\",\"price\":\"0\",\"quantity\":1,\"tax\":\"\",\"shipping\":\"\",\"shipping_per_quantity\":\"\",\"shipping_enable\":false,\"dec_num\":2,\"thousand_sep\":\".\",\"dec_sep\":\",\",\"curr_pos\":\"left_space\",\"tos_enabled\":0,\"custom_quantity\":false,\"custom_amount\":false,\"currency\":\"USD\",\"currency_symbol\":\"$\",\"coupons_enabled\":0,\"product_id\":6201,\"name\":\"MuchoRuidoAcademy\",\"stock_enabled\":false,\"stock_items\":0,\"variations\":{\"0\":{\"names\":[\"Seleccione\",\"Ableton Live Reserva\",\"Audio Reserva\",\"Dj \\\/ Producer Reserva\",\"Dj Profesional Reserva\",\"Logic Pro X Reserva\"],\"prices\":[\"0\",\"100\",\"100\",\"100\",\"100\",\"100\"],\"urls\":[\"\",\"\",\"\",\"\",\"\",\"\"],\"opts\":\"0\"},\"groups\":[\"Cursos\"]}});\n            });\n        <\/script>\n\t\t        <script type=\"text\/javascript\">\n            document.addEventListener( \"wpec_paypal_sdk_loaded\", function() {\n                new WPECPayPalHandler({\"id\":\"paypal_button_0\",\"env\":\"production\",\"client_id\":\"AZXJVVv1g_SanxKmwHJlPUbg8aHXqkAQ2Zac0JpaIqaV8vccBo35lO41E5G7kzUksigGDVSFM_YXUdrO\",\"btnStyle\":{\"height\":45,\"shape\":\"rect\",\"label\":\"pay\",\"color\":\"gold\",\"layout\":\"vertical\"},\"product_id\":6201}, window['wp_express_checkout_0']);\n            });\n        <\/script>\n        \t<\/div>\n<\/div>\n<\/div>\n\t\t\t\t\t\t<\/div>\n\t\t\t\t<\/div>\n\t\t\t\t\t<\/div>\n\t\t\t\t<\/div>\n\t\t\t\t<\/div>\n\t\t","protected":false},"excerpt":{"rendered":"","protected":false},"author":1,"featured_media":0,"parent":0,"menu_order":0,"comment_status":"closed","ping_status":"closed","template":"page-full-width.php","meta":{"footnotes":""},"class_list":["post-5556","page","type-page","status-publish","hentry"],"_links":{"self":[{"href":"https:\/\/www.muchoruidoacademy.com\/web\/wp-json\/wp\/v2\/pages\/5556","targetHints":{"allow":["GET"]}}],"collection":[{"href":"https:\/\/www.muchoruidoacademy.com\/web\/wp-json\/wp\/v2\/pages"}],"about":[{"href":"https:\/\/www.muchoruidoacademy.com\/web\/wp-json\/wp\/v2\/types\/page"}],"author":[{"embeddable":true,"href":"https:\/\/www.muchoruidoacademy.com\/web\/wp-json\/wp\/v2\/users\/1"}],"replies":[{"embeddable":true,"href":"https:\/\/www.muchoruidoacademy.com\/web\/wp-json\/wp\/v2\/comments?post=5556"}],"version-history":[{"count":0,"href":"https:\/\/www.muchoruidoacademy.com\/web\/wp-json\/wp\/v2\/pages\/5556\/revisions"}],"wp:attachment":[{"href":"https:\/\/www.muchoruidoacademy.com\/web\/wp-json\/wp\/v2\/media?parent=5556"}],"curies":[{"name":"wp","href":"https:\/\/api.w.org\/{rel}","templated":true}]}}