{"id":2765,"date":"2022-01-25T10:47:38","date_gmt":"2022-01-25T10:47:38","guid":{"rendered":"https:\/\/rawtracks.qodeinteractive.com\/?page_id=2765"},"modified":"2025-01-03T01:42:32","modified_gmt":"2025-01-03T01:42:32","slug":"quienes-somos","status":"publish","type":"page","link":"https:\/\/www.muchoruidoacademy.com\/web\/quienes-somos\/","title":{"rendered":"Qui\u00e9nes somos"},"content":{"rendered":"\t\t<div data-elementor-type=\"wp-page\" data-elementor-id=\"2765\" class=\"elementor elementor-2765\" data-elementor-post-type=\"page\">\n\t\t\t\t\t\t<section class=\"elementor-section elementor-top-section elementor-element elementor-element-36cef21 elementor-section-full_width qodef-elementor-content-grid elementor-section-height-default elementor-section-height-default\" data-id=\"36cef21\" data-element_type=\"section\" data-e-type=\"section\">\n\t\t\t\t\t\t<div class=\"elementor-container elementor-column-gap-default\">\n\t\t\t\t\t<div class=\"elementor-column elementor-col-100 elementor-top-column elementor-element elementor-element-c57209e\" data-id=\"c57209e\" data-element_type=\"column\" data-e-type=\"column\">\n\t\t\t<div class=\"elementor-widget-wrap elementor-element-populated\">\n\t\t\t\t\t\t\t<\/div>\n\t\t<\/div>\n\t\t\t\t\t<\/div>\n\t\t<\/section>\n\t\t\t\t<section class=\"elementor-section elementor-top-section elementor-element elementor-element-6fde73f elementor-section-full_width qodef-elementor-content-grid elementor-section-height-default elementor-section-height-default\" data-id=\"6fde73f\" data-element_type=\"section\" data-e-type=\"section\">\n\t\t\t\t\t\t<div class=\"elementor-container elementor-column-gap-default\">\n\t\t\t\t\t<div class=\"elementor-column elementor-col-100 elementor-top-column elementor-element elementor-element-56edd7d\" data-id=\"56edd7d\" data-element_type=\"column\" data-e-type=\"column\">\n\t\t\t<div class=\"elementor-widget-wrap elementor-element-populated\">\n\t\t\t\t\t\t<div class=\"elementor-element elementor-element-7c49148 elementor-widget elementor-widget-rawtracks_core_section_title\" data-id=\"7c49148\" data-element_type=\"widget\" data-e-type=\"widget\" data-widget_type=\"rawtracks_core_section_title.default\">\n\t\t\t\t<div class=\"elementor-widget-container\">\n\t\t\t\t\t<div class=\"qodef-shortcode qodef-m  qodef-section-title qodef-alignment--left  \">\n\t\t<span class=\"qodef-m-title\" style=\"color: #000000\">\n\t\tMUCHO ACADEMY<br \/>\t\t<\/span>\n\t\t\t<p class=\"qodef-m-text\" style=\"color: #000000\">Fundada en el a\u00f1o 2016. Desde entonces, nos propusimos ser la mayor instituci\u00f3n educativa de medios musicales y creativos en la ciudad de Miami.<\/p>\n\t\t<div class=\"qodef-m-button\">\n\t\t\t\t\t<a class=\"qodef-shortcode qodef-m  qodef-button qodef-layout--filled-rounded-small  qodef-html--link\" href=\"\" target=\"_self\"  >\t<span class=\"qodef-m-icon\"><svg class=\"qodef-svg--banner-arrow\" xmlns=\"http:\/\/www.w3.org\/2000\/svg\"     xmlns:xlink=\"http:\/\/www.w3.org\/1999\/xlink\" x=\"0px\" y=\"0px\" width=\"19\" height=\"19\"     viewBox=\"0 0 19 19\" style=\"enable-background:new 0 0 19 19;\" xml:space=\"preserve\"><line x1=\"1\" y1=\"18\" x2=\"17.8\" y2=\"1.2\"\/><line x1=\"1.2\" y1=\"1\" x2=\"18\" y2=\"1\"\/><line x1=\"18\" y1=\"17.8\" x2=\"18\" y2=\"1\"\/><\/svg><\/span><\/a>\t\t\t<\/div>\n<\/div>\n\t\t\t\t<\/div>\n\t\t\t\t<\/div>\n\t\t\t\t<div class=\"elementor-element elementor-element-e637e93 elementor-widget elementor-widget-rawtracks_core_section_title\" data-id=\"e637e93\" data-element_type=\"widget\" data-e-type=\"widget\" data-widget_type=\"rawtracks_core_section_title.default\">\n\t\t\t\t<div class=\"elementor-widget-container\">\n\t\t\t\t\t<div class=\"qodef-shortcode qodef-m  qodef-section-title qodef-alignment--left  \">\n\t\t\t\t<p class=\"qodef-m-text\" style=\"color: #000000\">Nuestra academia dispone de una completa oferta de cursos de Producci\u00f3n Musical y DJ. El pensum actual ha sido cuidadosamente dise\u00f1ado con el asesoramiento de expertos en el \u00e1rea educativa y de los mejores profesionales de la m\u00fasica.<\/p>\n\t\t<div class=\"qodef-m-button\">\n\t\t\t\t\t<a class=\"qodef-shortcode qodef-m  qodef-button qodef-layout--filled-rounded-small  qodef-html--link\" href=\"\" target=\"_self\"  >\t<span class=\"qodef-m-icon\"><svg class=\"qodef-svg--banner-arrow\" xmlns=\"http:\/\/www.w3.org\/2000\/svg\"     xmlns:xlink=\"http:\/\/www.w3.org\/1999\/xlink\" x=\"0px\" y=\"0px\" width=\"19\" height=\"19\"     viewBox=\"0 0 19 19\" style=\"enable-background:new 0 0 19 19;\" xml:space=\"preserve\"><line x1=\"1\" y1=\"18\" x2=\"17.8\" y2=\"1.2\"\/><line x1=\"1.2\" y1=\"1\" x2=\"18\" y2=\"1\"\/><line x1=\"18\" y1=\"17.8\" x2=\"18\" y2=\"1\"\/><\/svg><\/span><\/a>\t\t\t<\/div>\n<\/div>\n\t\t\t\t<\/div>\n\t\t\t\t<\/div>\n\t\t\t\t<div class=\"elementor-element elementor-element-3652ef3 elementor-widget elementor-widget-text-editor\" data-id=\"3652ef3\" data-element_type=\"widget\" data-e-type=\"widget\" data-widget_type=\"text-editor.default\">\n\t\t\t\t<div class=\"elementor-widget-container\">\n\t\t\t\t\t\t\t\t\t<h3><span style=\"color: #000000;\">Nuestro objetivo<\/span><\/h3>\t\t\t\t\t\t\t\t<\/div>\n\t\t\t\t<\/div>\n\t\t\t\t<div class=\"elementor-element elementor-element-fc4cbf1 elementor-widget elementor-widget-rawtracks_core_section_title\" data-id=\"fc4cbf1\" data-element_type=\"widget\" data-e-type=\"widget\" data-widget_type=\"rawtracks_core_section_title.default\">\n\t\t\t\t<div class=\"elementor-widget-container\">\n\t\t\t\t\t<div class=\"qodef-shortcode qodef-m  qodef-section-title qodef-alignment--left  \">\n\t\t\t\t<p class=\"qodef-m-text\" style=\"color: #070707\">Preparar a nuestros alumnos para convertirlos en artistas integrales que puedan brillar y brindar un aporte a la industria creativa y global.<\/p>\n\t\t<div class=\"qodef-m-button\">\n\t\t\t\t\t<a class=\"qodef-shortcode qodef-m  qodef-button qodef-layout--filled-rounded-small  qodef-html--link\" href=\"\" target=\"_self\"  >\t<span class=\"qodef-m-icon\"><svg class=\"qodef-svg--banner-arrow\" xmlns=\"http:\/\/www.w3.org\/2000\/svg\"     xmlns:xlink=\"http:\/\/www.w3.org\/1999\/xlink\" x=\"0px\" y=\"0px\" width=\"19\" height=\"19\"     viewBox=\"0 0 19 19\" style=\"enable-background:new 0 0 19 19;\" xml:space=\"preserve\"><line x1=\"1\" y1=\"18\" x2=\"17.8\" y2=\"1.2\"\/><line x1=\"1.2\" y1=\"1\" x2=\"18\" y2=\"1\"\/><line x1=\"18\" y1=\"17.8\" x2=\"18\" y2=\"1\"\/><\/svg><\/span><\/a>\t\t\t<\/div>\n<\/div>\n\t\t\t\t<\/div>\n\t\t\t\t<\/div>\n\t\t\t\t<div class=\"elementor-element elementor-element-a467232 elementor-widget elementor-widget-text-editor\" data-id=\"a467232\" data-element_type=\"widget\" data-e-type=\"widget\" data-widget_type=\"text-editor.default\">\n\t\t\t\t<div class=\"elementor-widget-container\">\n\t\t\t\t\t\t\t\t\t<h3><span style=\"color: #000000;\">\u00bfQu\u00e9 nos diferencia?<\/span><\/h3>\t\t\t\t\t\t\t\t<\/div>\n\t\t\t\t<\/div>\n\t\t\t\t<div class=\"elementor-element elementor-element-a764c3e elementor-widget elementor-widget-rawtracks_core_section_title\" data-id=\"a764c3e\" data-element_type=\"widget\" data-e-type=\"widget\" data-widget_type=\"rawtracks_core_section_title.default\">\n\t\t\t\t<div class=\"elementor-widget-container\">\n\t\t\t\t\t<div class=\"qodef-shortcode qodef-m  qodef-section-title qodef-alignment--left  \">\n\t\t\t\t<p class=\"qodef-m-text\" style=\"color: #000000\">Nuestro m\u00e9todo de formaci\u00f3n se basa en la pr\u00e1ctica y en la amplia experiencia de nuestros profesores. \u00a1Aqu\u00ed encontrar\u00e1s el estilo que te define y aprender\u00e1s a tu propio ritmo!<\/p>\n\t\t<div class=\"qodef-m-button\">\n\t\t\t\t\t<a class=\"qodef-shortcode qodef-m  qodef-button qodef-layout--filled-rounded-small  qodef-html--link\" href=\"\" target=\"_self\"  >\t<span class=\"qodef-m-icon\"><svg class=\"qodef-svg--banner-arrow\" xmlns=\"http:\/\/www.w3.org\/2000\/svg\"     xmlns:xlink=\"http:\/\/www.w3.org\/1999\/xlink\" x=\"0px\" y=\"0px\" width=\"19\" height=\"19\"     viewBox=\"0 0 19 19\" style=\"enable-background:new 0 0 19 19;\" xml:space=\"preserve\"><line x1=\"1\" y1=\"18\" x2=\"17.8\" y2=\"1.2\"\/><line x1=\"1.2\" y1=\"1\" x2=\"18\" y2=\"1\"\/><line x1=\"18\" y1=\"17.8\" x2=\"18\" y2=\"1\"\/><\/svg><\/span><\/a>\t\t\t<\/div>\n<\/div>\n\t\t\t\t<\/div>\n\t\t\t\t<\/div>\n\t\t\t\t<div class=\"elementor-element elementor-element-c859557 elementor-widget elementor-widget-rawtracks_core_section_title\" data-id=\"c859557\" data-element_type=\"widget\" data-e-type=\"widget\" data-widget_type=\"rawtracks_core_section_title.default\">\n\t\t\t\t<div class=\"elementor-widget-container\">\n\t\t\t\t\t<div class=\"qodef-shortcode qodef-m  qodef-section-title qodef-alignment--left  \">\n\t\t<span class=\"qodef-m-title\" style=\"color: #000000\">\n\t\tMUCHO RUIDO<br \/> RECORDING\t\t<\/span>\n\t\t\t<p class=\"qodef-m-text\" style=\"color: #000000\">Tambi\u00e9n somos un estudio de grabaci\u00f3n profesional que ofrece lo mejor de las herramientas digitales, anal\u00f3gicas y modernas. Te esperamos para disfrutar de la pasi\u00f3n que nos une: la buena m\u00fasica.<\/p>\n\t\t<div class=\"qodef-m-button\">\n\t\t\t\t\t<a class=\"qodef-shortcode qodef-m  qodef-button qodef-layout--filled-rounded-small  qodef-html--link\" href=\"\" target=\"_self\"  >\t<span class=\"qodef-m-icon\"><svg class=\"qodef-svg--banner-arrow\" xmlns=\"http:\/\/www.w3.org\/2000\/svg\"     xmlns:xlink=\"http:\/\/www.w3.org\/1999\/xlink\" x=\"0px\" y=\"0px\" width=\"19\" height=\"19\"     viewBox=\"0 0 19 19\" style=\"enable-background:new 0 0 19 19;\" xml:space=\"preserve\"><line x1=\"1\" y1=\"18\" x2=\"17.8\" y2=\"1.2\"\/><line x1=\"1.2\" y1=\"1\" x2=\"18\" y2=\"1\"\/><line x1=\"18\" y1=\"17.8\" x2=\"18\" y2=\"1\"\/><\/svg><\/span><\/a>\t\t\t<\/div>\n<\/div>\n\t\t\t\t<\/div>\n\t\t\t\t<\/div>\n\t\t\t\t\t<\/div>\n\t\t<\/div>\n\t\t\t\t\t<\/div>\n\t\t<\/section>\n\t\t\t\t<section class=\"elementor-section elementor-top-section elementor-element elementor-element-9ac06f6 elementor-section-full_width text-marquee-video-background elementor-section-height-default elementor-section-height-default qodef-elementor-content-no\" data-id=\"9ac06f6\" data-element_type=\"section\" data-e-type=\"section\" data-settings=\"{&quot;background_background&quot;:&quot;video&quot;,&quot;background_video_link&quot;:&quot;https:\\\/\\\/rawtracks.qodeinteractive.com\\\/wp-content\\\/uploads\\\/lenta_grand_show.mp4&quot;,&quot;background_play_on_mobile&quot;:&quot;yes&quot;}\">\n\t\t\t\t\t\t\t\t<div class=\"elementor-background-video-container\">\n\t\t\t\t\t\t\t\t\t\t\t\t\t<video class=\"elementor-background-video-hosted\" role=\"presentation\" autoplay muted playsinline loop><\/video>\n\t\t\t\t\t\t\t\t\t\t\t<\/div>\n\t\t\t\t\t\t\t\t<div class=\"elementor-container elementor-column-gap-default\">\n\t\t\t\t\t<div class=\"elementor-column elementor-col-100 elementor-top-column elementor-element elementor-element-bf86eef\" data-id=\"bf86eef\" data-element_type=\"column\" data-e-type=\"column\">\n\t\t\t<div class=\"elementor-widget-wrap elementor-element-populated\">\n\t\t\t\t\t\t<div class=\"elementor-element elementor-element-0ea1625 elementor-widget elementor-widget-rawtracks_core_text_marquee\" data-id=\"0ea1625\" data-element_type=\"widget\" data-e-type=\"widget\" data-widget_type=\"rawtracks_core_text_marquee.default\">\n\t\t\t\t<div class=\"elementor-widget-container\">\n\t\t\t\t\t<div class=\"qodef-shortcode qodef-m  qodef-text-marquee qodef-layout--default qodef--custom-icon\">\n\t<div class=\"qodef-m-content\" >\n\t\t<div class=\"qodef-m-text qodef-text--original\">\n\t\t\t\t\t\t\t\t<a itemprop=\"url\" href=\"https:\/\/www.muchoruidoacademy.com\/web\/\" target=\"_self\" class=\"qodef-m-link--1\"> \t\t\t\t<span class=\"qodef-m-image--1\">\n\t\t\t\t\t<img decoding=\"async\" width=\"176\" height=\"50\" src=\"https:\/\/www.muchoruidoacademy.com\/web\/wp-content\/uploads\/2023\/05\/muchoruidoacademy-2.png\" class=\"attachment-full size-full\" alt=\"Mucho Ruido Academy\" \/>\t\t\t\t<\/span>\n\t\t\t\t\t<\/a>\t\t\t\t\t\t\t<a itemprop=\"url\" href=\"https:\/\/www.muchoruidoacademy.com\/web\/\" target=\"_self\" class=\"qodef-m-link--2\"> \t\t\t\t<span class=\"qodef-m-text--2\" >\n\t\t\t\t\tAprende y formarte como DJ profesional\t\t\t\t<\/span>\n\t\t\t\t<span class=\"qodef-m-icon-wrapper\">\n\t\t\t\t\t\t\t\t\t<\/span>\n\t\t\t\t\t<\/a>\t\t\t\t\t\t\t<a itemprop=\"url\" href=\"https:\/\/www.muchoruidoacademy.com\/web\/\" target=\"_self\" class=\"qodef-m-link--2\"> \t\t\t\t<span class=\"qodef-m-image--2\">\n\t\t\t\t\t<img decoding=\"async\" width=\"176\" height=\"50\" src=\"https:\/\/www.muchoruidoacademy.com\/web\/wp-content\/uploads\/2023\/05\/muchoruidoacademy-2.png\" class=\"attachment-full size-full\" alt=\"Mucho Ruido Academy\" \/>\t\t\t\t<\/span>\n\t\t\t\t\t<\/a>\t\t\t\t\t\t\t<a itemprop=\"url\" href=\"https:\/\/www.muchoruidoacademy.com\/web\/\" target=\"_self\" class=\"qodef-m-link--3\"> \t\t\t\t<span class=\"qodef-m-text--3\" >\n\t\t\t\t\tMusic college in Florida\t\t\t\t<\/span>\n\t\t\t\t<span class=\"qodef-m-icon-wrapper\">\n\t\t\t\t\t\t\t\t\t<\/span>\n\t\t\t\t\t<\/a>\t\t\t\t\t\t\t\t\t\t<a itemprop=\"url\" href=\"https:\/\/www.muchoruidoacademy.com\/web\/\" target=\"_self\" class=\"qodef-m-link--1\"> \t\t\t\t<span class=\"qodef-m-image--1\">\n\t\t\t\t\t<img decoding=\"async\" width=\"176\" height=\"50\" src=\"https:\/\/www.muchoruidoacademy.com\/web\/wp-content\/uploads\/2023\/05\/muchoruidoacademy-2.png\" class=\"attachment-full size-full\" alt=\"Mucho Ruido Academy\" \/>\t\t\t\t<\/span>\n\t\t\t\t\t<\/a>\t\t\t\t\t\t\t<a itemprop=\"url\" href=\"https:\/\/www.muchoruidoacademy.com\/web\/\" target=\"_self\" class=\"qodef-m-link--2\"> \t\t\t\t<span class=\"qodef-m-text--2\" >\n\t\t\t\t\tAprende y formarte como DJ profesional\t\t\t\t<\/span>\n\t\t\t\t<span class=\"qodef-m-icon-wrapper\">\n\t\t\t\t\t\t\t\t\t<\/span>\n\t\t\t\t\t<\/a>\t\t\t\t\t\t\t<a itemprop=\"url\" href=\"https:\/\/www.muchoruidoacademy.com\/web\/\" target=\"_self\" class=\"qodef-m-link--2\"> \t\t\t\t<span class=\"qodef-m-image--2\">\n\t\t\t\t\t<img decoding=\"async\" width=\"176\" height=\"50\" src=\"https:\/\/www.muchoruidoacademy.com\/web\/wp-content\/uploads\/2023\/05\/muchoruidoacademy-2.png\" class=\"attachment-full size-full\" alt=\"Mucho Ruido Academy\" \/>\t\t\t\t<\/span>\n\t\t\t\t\t<\/a>\t\t\t\t\t\t\t<a itemprop=\"url\" href=\"https:\/\/www.muchoruidoacademy.com\/web\/\" target=\"_self\" class=\"qodef-m-link--3\"> \t\t\t\t<span class=\"qodef-m-text--3\" >\n\t\t\t\t\tMusic college in Florida\t\t\t\t<\/span>\n\t\t\t\t<span class=\"qodef-m-icon-wrapper\">\n\t\t\t\t\t\t\t\t\t<\/span>\n\t\t\t\t\t<\/a>\t\t\t\t\t\t\t\t\t\t<a itemprop=\"url\" href=\"https:\/\/www.muchoruidoacademy.com\/web\/\" target=\"_self\" class=\"qodef-m-link--1\"> \t\t\t\t<span class=\"qodef-m-image--1\">\n\t\t\t\t\t<img decoding=\"async\" width=\"176\" height=\"50\" src=\"https:\/\/www.muchoruidoacademy.com\/web\/wp-content\/uploads\/2023\/05\/muchoruidoacademy-2.png\" class=\"attachment-full size-full\" alt=\"Mucho Ruido Academy\" \/>\t\t\t\t<\/span>\n\t\t\t\t\t<\/a>\t\t\t\t\t\t\t<a itemprop=\"url\" href=\"https:\/\/www.muchoruidoacademy.com\/web\/\" target=\"_self\" class=\"qodef-m-link--2\"> \t\t\t\t<span class=\"qodef-m-text--2\" >\n\t\t\t\t\tAprende y formarte como DJ profesional\t\t\t\t<\/span>\n\t\t\t\t<span class=\"qodef-m-icon-wrapper\">\n\t\t\t\t\t\t\t\t\t<\/span>\n\t\t\t\t\t<\/a>\t\t\t\t\t\t\t<a itemprop=\"url\" href=\"https:\/\/www.muchoruidoacademy.com\/web\/\" target=\"_self\" class=\"qodef-m-link--2\"> \t\t\t\t<span class=\"qodef-m-image--2\">\n\t\t\t\t\t<img decoding=\"async\" width=\"176\" height=\"50\" src=\"https:\/\/www.muchoruidoacademy.com\/web\/wp-content\/uploads\/2023\/05\/muchoruidoacademy-2.png\" class=\"attachment-full size-full\" alt=\"Mucho Ruido Academy\" \/>\t\t\t\t<\/span>\n\t\t\t\t\t<\/a>\t\t\t\t\t\t\t<a itemprop=\"url\" href=\"https:\/\/www.muchoruidoacademy.com\/web\/\" target=\"_self\" class=\"qodef-m-link--3\"> \t\t\t\t<span class=\"qodef-m-text--3\" >\n\t\t\t\t\tMusic college in Florida\t\t\t\t<\/span>\n\t\t\t\t<span class=\"qodef-m-icon-wrapper\">\n\t\t\t\t\t\t\t\t\t<\/span>\n\t\t\t\t\t<\/a>\t\t\t\t<\/div>\n\t\t<div class=\"qodef-m-text qodef-text--copy\">\n\t\t\t\t\t\t\t\t<a itemprop=\"url\" href=\"https:\/\/www.muchoruidoacademy.com\/web\/\" target=\"_self\" class=\"qodef-m-link--1\"> \t\t\t\t<span class=\"qodef-m-image--1\">\n\t\t\t\t\t<img decoding=\"async\" width=\"176\" height=\"50\" src=\"https:\/\/www.muchoruidoacademy.com\/web\/wp-content\/uploads\/2023\/05\/muchoruidoacademy-2.png\" class=\"attachment-full size-full\" alt=\"Mucho Ruido Academy\" \/>\t\t\t\t<\/span>\n\t\t\t\t\t<\/a>\t\t\t\t\t\t\t<a itemprop=\"url\" href=\"https:\/\/www.muchoruidoacademy.com\/web\/\" target=\"_self\" class=\"qodef-m-link--2\"> \t\t\t\t<span class=\"qodef-m-text--2\" >\n\t\t\t\t\tAprende y formarte como DJ profesional\t\t\t\t<\/span>\n\t\t\t\t<span class=\"qodef-m-icon-wrapper\">\n\t\t\t\t\t\t\t\t\t<\/span>\n\t\t\t\t\t<\/a>\t\t\t\t\t\t\t<a itemprop=\"url\" href=\"https:\/\/www.muchoruidoacademy.com\/web\/\" target=\"_self\" class=\"qodef-m-link--2\"> \t\t\t\t<span class=\"qodef-m-image--2\">\n\t\t\t\t\t<img decoding=\"async\" width=\"176\" height=\"50\" src=\"https:\/\/www.muchoruidoacademy.com\/web\/wp-content\/uploads\/2023\/05\/muchoruidoacademy-2.png\" class=\"attachment-full size-full\" alt=\"Mucho Ruido Academy\" \/>\t\t\t\t<\/span>\n\t\t\t\t\t<\/a>\t\t\t\t\t\t\t<a itemprop=\"url\" href=\"https:\/\/www.muchoruidoacademy.com\/web\/\" target=\"_self\" class=\"qodef-m-link--3\"> \t\t\t\t<span class=\"qodef-m-text--3\" >\n\t\t\t\t\tMusic college in Florida\t\t\t\t<\/span>\n\t\t\t\t<span class=\"qodef-m-icon-wrapper\">\n\t\t\t\t\t\t\t\t\t<\/span>\n\t\t\t\t\t<\/a>\t\t\t\t\t\t\t\t\t\t<a itemprop=\"url\" href=\"https:\/\/www.muchoruidoacademy.com\/web\/\" target=\"_self\" class=\"qodef-m-link--1\"> \t\t\t\t<span class=\"qodef-m-image--1\">\n\t\t\t\t\t<img decoding=\"async\" width=\"176\" height=\"50\" src=\"https:\/\/www.muchoruidoacademy.com\/web\/wp-content\/uploads\/2023\/05\/muchoruidoacademy-2.png\" class=\"attachment-full size-full\" alt=\"Mucho Ruido Academy\" \/>\t\t\t\t<\/span>\n\t\t\t\t\t<\/a>\t\t\t\t\t\t\t<a itemprop=\"url\" href=\"https:\/\/www.muchoruidoacademy.com\/web\/\" target=\"_self\" class=\"qodef-m-link--2\"> \t\t\t\t<span class=\"qodef-m-text--2\" >\n\t\t\t\t\tAprende y formarte como DJ profesional\t\t\t\t<\/span>\n\t\t\t\t<span class=\"qodef-m-icon-wrapper\">\n\t\t\t\t\t\t\t\t\t<\/span>\n\t\t\t\t\t<\/a>\t\t\t\t\t\t\t<a itemprop=\"url\" href=\"https:\/\/www.muchoruidoacademy.com\/web\/\" target=\"_self\" class=\"qodef-m-link--2\"> \t\t\t\t<span class=\"qodef-m-image--2\">\n\t\t\t\t\t<img decoding=\"async\" width=\"176\" height=\"50\" src=\"https:\/\/www.muchoruidoacademy.com\/web\/wp-content\/uploads\/2023\/05\/muchoruidoacademy-2.png\" class=\"attachment-full size-full\" alt=\"Mucho Ruido Academy\" \/>\t\t\t\t<\/span>\n\t\t\t\t\t<\/a>\t\t\t\t\t\t\t<a itemprop=\"url\" href=\"https:\/\/www.muchoruidoacademy.com\/web\/\" target=\"_self\" class=\"qodef-m-link--3\"> \t\t\t\t<span class=\"qodef-m-text--3\" >\n\t\t\t\t\tMusic college in Florida\t\t\t\t<\/span>\n\t\t\t\t<span class=\"qodef-m-icon-wrapper\">\n\t\t\t\t\t\t\t\t\t<\/span>\n\t\t\t\t\t<\/a>\t\t\t\t\t\t\t\t\t\t<a itemprop=\"url\" href=\"https:\/\/www.muchoruidoacademy.com\/web\/\" target=\"_self\" class=\"qodef-m-link--1\"> \t\t\t\t<span class=\"qodef-m-image--1\">\n\t\t\t\t\t<img decoding=\"async\" width=\"176\" height=\"50\" src=\"https:\/\/www.muchoruidoacademy.com\/web\/wp-content\/uploads\/2023\/05\/muchoruidoacademy-2.png\" class=\"attachment-full size-full\" alt=\"Mucho Ruido Academy\" \/>\t\t\t\t<\/span>\n\t\t\t\t\t<\/a>\t\t\t\t\t\t\t<a itemprop=\"url\" href=\"https:\/\/www.muchoruidoacademy.com\/web\/\" target=\"_self\" class=\"qodef-m-link--2\"> \t\t\t\t<span class=\"qodef-m-text--2\" >\n\t\t\t\t\tAprende y formarte como DJ profesional\t\t\t\t<\/span>\n\t\t\t\t<span class=\"qodef-m-icon-wrapper\">\n\t\t\t\t\t\t\t\t\t<\/span>\n\t\t\t\t\t<\/a>\t\t\t\t\t\t\t<a itemprop=\"url\" href=\"https:\/\/www.muchoruidoacademy.com\/web\/\" target=\"_self\" class=\"qodef-m-link--2\"> \t\t\t\t<span class=\"qodef-m-image--2\">\n\t\t\t\t\t<img decoding=\"async\" width=\"176\" height=\"50\" src=\"https:\/\/www.muchoruidoacademy.com\/web\/wp-content\/uploads\/2023\/05\/muchoruidoacademy-2.png\" class=\"attachment-full size-full\" alt=\"Mucho Ruido Academy\" \/>\t\t\t\t<\/span>\n\t\t\t\t\t<\/a>\t\t\t\t\t\t\t<a itemprop=\"url\" href=\"https:\/\/www.muchoruidoacademy.com\/web\/\" target=\"_self\" class=\"qodef-m-link--3\"> \t\t\t\t<span class=\"qodef-m-text--3\" >\n\t\t\t\t\tMusic college in Florida\t\t\t\t<\/span>\n\t\t\t\t<span class=\"qodef-m-icon-wrapper\">\n\t\t\t\t\t\t\t\t\t<\/span>\n\t\t\t\t\t<\/a>\t\t\t\t<\/div>\n\t<\/div>\n<\/div>\n\t\t\t\t<\/div>\n\t\t\t\t<\/div>\n\t\t\t\t\t<\/div>\n\t\t<\/div>\n\t\t\t\t\t<\/div>\n\t\t<\/section>\n\t\t\t\t<section class=\"elementor-section elementor-top-section elementor-element elementor-element-a49f618 elementor-section-full_width elementor-section-height-default elementor-section-height-default qodef-elementor-content-no\" data-id=\"a49f618\" data-element_type=\"section\" data-e-type=\"section\">\n\t\t\t\t\t\t<div class=\"elementor-container elementor-column-gap-default\">\n\t\t\t\t\t<div class=\"elementor-column elementor-col-100 elementor-top-column elementor-element elementor-element-9a6231b\" data-id=\"9a6231b\" data-element_type=\"column\" data-e-type=\"column\">\n\t\t\t<div class=\"elementor-widget-wrap elementor-element-populated\">\n\t\t\t\t\t\t<div class=\"elementor-element elementor-element-84154e5 elementor-widget elementor-widget-rawtracks_core_video_button\" data-id=\"84154e5\" data-element_type=\"widget\" data-e-type=\"widget\" data-widget_type=\"rawtracks_core_video_button.default\">\n\t\t\t\t<div class=\"elementor-widget-container\">\n\t\t\t\t\t<div class=\"qodef-shortcode qodef-m  qodef-video-button  qodef-video--self-hosted\">\n\t\t\t\t\t<div class=\"qodef-m-video\">\n\t\t\t<video class=\"qodef-e-video\" muted>\n\t\t\t\t<source src=\"https:\/\/rawtracks.qodeinteractive.com\/wp-content\/uploads\/label-home-video.mp4\" type=\"video\/mp4\">\n\t\t\t\t<source src=\"https:\/\/rawtracks.qodeinteractive.com\/wp-content\/uploads\/label-home-video.mp4\" type=\"video\/ogg\">\n\t\t\t<\/video>\n\t\t<\/div>\n\t\t\t\t\t<\/div>\n\t\t\t\t<\/div>\n\t\t\t\t<\/div>\n\t\t\t\t\t<\/div>\n\t\t<\/div>\n\t\t\t\t\t<\/div>\n\t\t<\/section>\n\t\t\t\t<\/div>\n\t\t","protected":false},"excerpt":{"rendered":"<p>MUCHO ACADEMY Fundada en el a\u00f1o 2016. Desde entonces, nos propusimos ser la mayor instituci\u00f3n educativa de medios musicales y creativos en la ciudad de Miami. Nuestra academia dispone de una completa oferta de cursos de Producci\u00f3n Musical y DJ. El pensum actual ha sido cuidadosamente dise\u00f1ado con el asesoramiento de expertos en el \u00e1rea [&hellip;]<\/p>\n","protected":false},"author":1,"featured_media":0,"parent":0,"menu_order":0,"comment_status":"closed","ping_status":"closed","template":"page-full-width.php","meta":{"footnotes":""},"class_list":["post-2765","page","type-page","status-publish","hentry"],"_links":{"self":[{"href":"https:\/\/www.muchoruidoacademy.com\/web\/wp-json\/wp\/v2\/pages\/2765","targetHints":{"allow":["GET"]}}],"collection":[{"href":"https:\/\/www.muchoruidoacademy.com\/web\/wp-json\/wp\/v2\/pages"}],"about":[{"href":"https:\/\/www.muchoruidoacademy.com\/web\/wp-json\/wp\/v2\/types\/page"}],"author":[{"embeddable":true,"href":"https:\/\/www.muchoruidoacademy.com\/web\/wp-json\/wp\/v2\/users\/1"}],"replies":[{"embeddable":true,"href":"https:\/\/www.muchoruidoacademy.com\/web\/wp-json\/wp\/v2\/comments?post=2765"}],"version-history":[{"count":3,"href":"https:\/\/www.muchoruidoacademy.com\/web\/wp-json\/wp\/v2\/pages\/2765\/revisions"}],"predecessor-version":[{"id":6647,"href":"https:\/\/www.muchoruidoacademy.com\/web\/wp-json\/wp\/v2\/pages\/2765\/revisions\/6647"}],"wp:attachment":[{"href":"https:\/\/www.muchoruidoacademy.com\/web\/wp-json\/wp\/v2\/media?parent=2765"}],"curies":[{"name":"wp","href":"https:\/\/api.w.org\/{rel}","templated":true}]}}